{"id":33058,"date":"2025-07-14T22:59:19","date_gmt":"2025-07-14T20:59:19","guid":{"rendered":"https:\/\/builtronics.ch\/?page_id=33058"},"modified":"2025-11-13T15:31:05","modified_gmt":"2025-11-13T14:31:05","slug":"organisation-der-demonstration","status":"publish","type":"page","link":"https:\/\/builtronics.ch\/de\/organisation-der-demonstration\/","title":{"rendered":"Antrag auf eine Demonstration"},"content":{"rendered":"[et_pb_section fb_built= \"1\u2033 _builder_version= \"4.27.4\u2033 _module_preset= \"default \" use_background_color_gradient= \"on \" background_color_gradient_direction= \"269deg \" background_color_gradient_stops= \"rgba(0,71,55,0.0.68) 0%|rgba(0,71,55,0.45) 100% \" background_color_gradient_overlays_image= \"on\" background_image= \"https:\/\/builtronics.ch\/wp-content\/uploads\/2025\/07\/Ogoz-03-Mittel.jpeg \" custom_padding= \"10%||10%||true|false \" global_colors_info= \"{} \"][et_pb_row _builder_version= \"4.27.4\u2033 _module_preset= \"default \" global_colors_info= \"{}\"][et_pb_column type= \"4_4\u2033 _builder_version= \"4.27.4\u2033 _module_preset= \"default \" global_colors_info= \"{}\"][et_pb_text _builder_version= \"4.27.4\u2033 _module_preset= \"default \" text_font= \"|700||||||| \" text_text_color= \"#FFFF \" text_font_size= \"18px \" header_text_align= \"left \" header_text_color= \"#FFFF \" header_font_size= \"55px \" header_2_font= \"||on|||||| \" header_2_text_align= \"right\" header_2_text_color= \"rgba(255,255,255,0.8) \" header_2_font_size=\"30px \" text_orientation=\"right\" header_font_tablet= \" \" header_font_phone= \" \" header_font_last_edited=\"on|phone\" header_font_size_tablet=\"55px\" header_font_size_phone=\"8) \" header_2_font_tablet=\"30px\" text_orientation=\"right\" header_font_tablet= \" \"30px \" header_font_size_last_edited=\"on|phone\" header_2_font_size_tablet=\"30px \" header_2_font_size_phone=\"22px \" header_2_font_size_last_edited=\"on|phone\" global_colors_info=\"{} \"]<h1><b>Testen Sie unsere Maschinen unter realen Bedingungen!<\/b><\/h1>\n<p>Entdecken Sie die Kraft und die Pr\u00e4zision unserer Maschinen bei exklusiven Vorf\u00fchrungen. Probieren Sie sie aus, stellen Sie Ihre Fragen und teilen Sie einen gem\u00fctlichen Moment mit unserem Team!<\/p>[\/et_pb_text][et_pb_icon font_icon= \"\"||divi|400\u2033 icon_color= \"#FFFF \" icon_width= \"50px \" url= \"#machines \" _builder_version= \"4.27.4\u2033 _module_preset= \"default \" global_colors_info= \"{} \"][\/et_pb_icon][\/et_pb_column][\/et_pb_row][\/et_pb_section][et_pb_section fb_built= \"1\u2033 _builder_version= \"4.27.4\u2033 _module_preset= \"default \" global_colors_info= \"{}\"][et_pb_row _builder_version= \"4.27.4\u2033 _module_preset= \"default \" global_colors_info= \"{}\"][et_pb_column type= \"4_4\u2033 _builder_version= \"4.27.4\u2033 _module_preset= \"default\" global_colors_info= \"{}\"][et_pb_text _builder_version= \"4.27.4\u2033 _module_preset= \"default\" text_font_size= \"16px \" global_colors_info= \"{} \"]<h2 data-start=\"631\" data-end=\"899\"><strong data-start=\"634\" data-end=\"674\">Handeln Sie mit Builtronics!<\/strong><\/h2>\n<p data-start=\"631\" data-end=\"899\">Sehen Sie sich unsere Maschinen live an, testen Sie sie selbst und genie\u00dfen Sie einen Moment des Austauschs mit unserem Team. Unsere Vorf\u00fchrungen sind so konzipiert, dass sie Ihnen eine immersive Erfahrung bieten und alle Ihre Fragen beantworten.<\/p>[\/et_pb_text][et_pb_button button_url= \"#inscription \" button_text= \"Ich melde mich an* \" button_alignment= \"center \" _builder_version= \"4.27.4\u2033 _module_preset= \"default\" custom_button= \"on \" button_text_size= \"20px\" button_text_color= \"#FFFF\" button_bg_color= \"#51B15F\" button_border_width= \"0px\" button_border_color= \"#004737\u2033 button_border_radius= \"100px\" button_border_color= \"#004737\u2033 button_border_radus= \"100px\". \" button_font= \"|800||||||| \" button_icon= \"\"||divi||400\u2033 custom_margin= \"||1%||false|false \" global_colors_info= \"{} \" button_text_size__hover_enabled= \"on|hover\" button_text_size__hover= \"20px\" button_bg_color__hover_enabled= \"on|hover\" button_text_size__hover= \"20px\" button_bg_color__hover_enabled= \"on|hover\". \"on|hover\" button_bg_color__hover= \"#004737\u2033 button_bg_enable_color__hover= \"on \" transform_styles__hover_enabled= \"on|hover\" transform_scale__hover_enabled= \"on|hover\" transform_translate__hover_enabled= \"on|hover\" transform_styles__hover_enabled= \"on|hover\" transform_scale__hover_enabled= \"on|hover\" transform_translate__hover_enabled= \"on|hover\". transform_rotate__hover_enabled= \"on|hover\" transform_skew__hover_enabled= \"on|hover\" transform_origin__hover_enabled= \"on|hover\" transform_scale__hover= \"110%|110% \"][\/et_pb_button][et_pb_text _builder_version= \"4.27.4\u2033 _module_preset=\"default \" global_colors_info=\"{} \"]<p style=\"text-align: center;\"><em>*Eine Anmeldung ist erforderlich! Begrenzte Pl\u00e4tze<\/em><\/p>[\/et_pb_text][\/et_pb_column][\/et_pb_row][et_pb_row column_structure= \"1_4,1_4,1_4,1_4\u2033 use_custom_gutter= \"on \" gutter_width= \"2\u2033 _builder_version= \"4.27.4\u2033 _module_preset=\"default \" global_colors_info=\"{} \"][et_pb_column type= \"1_4\u2033 _builder_version= \"4.27.4\u2033 _module_preset= \"default \" global_colors_info=\"{} \"][et_pb_text _builder_version= \"4.27.4\u2033 _module_preset= \"default\" text_font= \"||||||||\" text_text_color= \"#08160D\" text_font_size= \"16px\" text_line_height= \"1.2em \" header_3_text_color= \"#51B15F \" header_3_font_size= \"18px \" custom_margin= \"||5%||false|false \" global_colors_info= \"{} \"]<h3 style=\"text-align: center;\">Vorstellung der Maschinen<\/h3>\n<p style=\"text-align: center;\">Ausgestellte Modelle, Merkmale, Funktionsweise usw.<\/p>[\/et_pb_text][et_pb_image src= \"https:\/\/builtronics.ch\/wp-content\/uploads\/2025\/07\/Ogoz-03-Moyenne.jpeg \" title_text= \"Ogoz-03 - Durchschnitt \" _builder_version= \"4.27.4\u2033 _module_preset= \"default \" border_radii= \"on|20px|20px|20px \" global_colors_info= \"{} \"][\/et_pb_image][\/et_pb_column][\/et_pb_column][et_pb_column type= \"1_4\u2033 _builder_version= \"4.27.4\u2033 _module_preset= \"default \" global_colors_info= \"{} \"][et_pb_text _builder_version= \"4.27.4\u2033 _module_preset= \"default\" text_font= \"|||||||| \" text_text_color= \"#08160D \" text_font_size= \"16px\" text_line_height= \"1.2em \" header_3_text_color= \"#51B15F \" header_3_font_size= \"18px \" custom_margin= \"||5%||false|false \" global_colors_info= \"{} \"]<h3 style=\"text-align: center;\">Antworten auf Fragen<\/h3>\n<p style=\"text-align: center;\">Technische Fragen, Kontext, <a href=\"https:\/\/builtronics.ch\/formation-green-climber\/\">Ausbildung<\/a>, <a href=\"https:\/\/builtronics.ch\/service-de-maintenance-green-climber\/\">Wartung der Maschinen<\/a>usw.<\/p>[\/et_pb_text][et_pb_image src= \"https:\/\/builtronics.ch\/wp-content\/uploads\/2025\/07\/Ogoz-36-Moyenne.jpeg \" title_text= \"Ogoz-36 - Durchschnitt \" _builder_version= \"4.27.4\u2033 _module_preset= \"default \" border_radii= \"on|20px|20px|20px \" global_colors_info= \"{} \"][\/et_pb_image][\/et_pb_column][\/et_pb_column][et_pb_column type= \"1_4\u2033 _builder_version= \"4.27.4\u2033 _module_preset= \"default \" global_colors_info= \"{} \"][et_pb_text _builder_version= \"4.27.4\u2033 _module_preset= \"default\" text_font= \"|||||||| \" text_text_color= \"#08160D \" text_font_size= \"16px\" text_line_height= \"1.2em \" header_3_text_color= \"#51B15F \" header_3_font_size= \"18px \" custom_margin= \"||5%||false|false \" global_colors_info= \"{} \"]<h3 style=\"text-align: center;\">Gef\u00fchrte Demonstration<\/h3>\n<p style=\"text-align: center;\">Live-Demonstration durch einen Builtronics-Experten mit verschiedenen Werkzeugen.<\/p>[\/et_pb_text][et_pb_image src= \"https:\/\/builtronics.ch\/wp-content\/uploads\/2025\/07\/Ogoz-18-Moyenne.jpeg \" title_text= \"Ogoz-18 - Durchschnitt \" _builder_version= \"4.27.4\u2033 _module_preset= \"default \" border_radii= \"on|20px|20px|20px \" global_colors_info= \"{} \"][\/et_pb_image][\/et_pb_column][\/et_pb_column][et_pb_column type= \"1_4\u2033 _builder_version= \"4.27.4\u2033 _module_preset= \"default \" global_colors_info= \"{} \"][et_pb_text _builder_version= \"4.27.4\u2033 _module_preset= \"default\" text_font= \"|||||||| \" text_text_color= \"#08160D \" text_font_size= \"16px\" text_line_height= \"1.2em \" header_3_text_color= \"#51B15F \" header_3_font_size= \"18px \" custom_margin= \"||5%||false|false \" global_colors_info= \"{} \"]<h3 style=\"text-align: center;\">Probieren Sie die Teilnehmer aus<\/h3>\n<p style=\"text-align: center;\">Live-Tests unserer Maschinen durch die Teilnehmer mit Begleitung.<\/p>[\/et_pb_text][et_pb_image src= \"https:\/\/builtronics.ch\/wp-content\/uploads\/2025\/07\/Ogoz-45-Moyenne.jpeg \" title_text= \"Ogoz-45 - Durchschnitt \" _builder_version= \"4.27.4\u2033 _module_preset= \"default \" border_radii= \"on|20px|20px|20px \" global_colors_info= \"{} \"][\/et_pb_image][\/et_pb_column][\/et_pb_row][et_pb_row _builder_version= \"4.27.4\u2033 _module_preset= \"default \" global_colors_info= \"{} \"][et_pb_column type= \"4_4\u2033 _builder_version= \"4.27.4\u2033 _module_preset= \"default\" global_colors_info= \"{}\"][et_pb_text _builder_version= \"4.27.4\u2033 _module_preset= \"default\" text_font_size= \"16px \" global_colors_info= \"{} \"]<h2 data-start=\"631\" data-end=\"899\"><strong data-start=\"634\" data-end=\"674\">N\u00e4chste Sitzung<\/strong><\/h2>[\/et_pb_text][\/et_pb_column][\/et_pb_row][et_pb_row use_custom_gutter= \"on \" gutter_width= \"2\u2033 _builder_version= \"4.27.4\u2033 _module_preset= \"default \" custom_padding= \"0px||0px||true|false \" global_colors_info= \"{} \"][et_pb_column type= \"4_4\u2033 _builder_version= \"4.27.4\u2033 _module_preset= \"default\" use_background_color_gradient= \"on\" background_gradient_stops= \"rgba(0,71,55,0.8) 0%|rgba(0,71,55,0.8) 100%\" background_color_gradient_overlays_image= \"on\" background_image= \"https:\/\/builtronics.ch\/wp-content\/uploads\/2025\/02\/31.jpg \" custom_padding= \"5%|3%|5%|3%|true|true \" border_radii= \"on|20px|20px|20px|20px \" global_colors_info= \"{} \" transform_styles__hover_enabled= \"on|hover \" transform_scale__hover_enabled= \"on|hover \" transform_translate__hover_enabled= \"on|hover\" transform_translate__hover_enabled= \"on|hover\" transform_translate__hover_enabled= \"on|hover\" transform_scale__hover_enabled= \"on|hover\" transform_translate__hover_enabled= \"on|hover\". \"on|desktop\" transform_rotate__hover_enabled= \"on|desktop\" transform_skew__hover_enabled= \"on|desktop\" transform_origin__hover_enabled= \"on|desktop\" transform_scale__hover= \"105%|105%\"][et_pb_text _builder_version= \"4.27.4\u2033 _module_preset= \"default \" text_font= \"|700||||||| \" text_text_color= \"#FFFF \" text_font_size= \"20px \" text_orientation= \"center\" global_colors_info= \"{} \"]<p>Wann: 16\/05\/2025<\/p>\n<p>Wo: Lausanne (VD)<\/p>\n<p>Zeit: ab 9.30 Uhr<\/p>[\/et_pb_text][et_pb_countdown_timer date_time=\u00a0\u00bb2025-09-05 10:00&Prime; _builder_version=\u00a0\u00bb4.27.4&Prime; _module_preset=\u00a0\u00bbdefault\u00a0\u00bb numbers_font=\u00a0\u00bb|600|||||||\u00a0\u00bb numbers_font_size=\u00a0\u00bb35px\u00a0\u00bb label_font=\u00a0\u00bb|600|||||||\u00a0\u00bb background_color=\u00a0\u00bbRGBA(255,255,255,0)\u00a0\u00bb numbers_font_size_tablet=\u00a0\u00bb35px\u00a0\u00bb numbers_font_size_phone=\u00a0\u00bb25px\u00a0\u00bb numbers_font_size_last_edited=\u00a0\u00bbon|phone\u00a0\u00bb label_font_size_tablet=\u00a0\u00bb\u00a0\u00bb label_font_size_phone=\u00a0\u00bb11px\u00a0\u00bb label_font_size_last_edited=\u00a0\u00bbon|phone\u00a0\u00bb global_colors_info=\u00a0\u00bb{}\u00a0\u00bb label_font_size__hover_enabled=\u00a0\u00bbon|desktop\u00a0\u00bb][\/et_pb_countdown_timer][\/et_pb_column][\/et_pb_row][et_pb_row _builder_version=\u00a0\u00bb4.27.4&Prime; _module_preset=\u00a0\u00bbdefault\u00a0\u00bb global_colors_info=\u00a0\u00bb{}\u00a0\u00bb][et_pb_column type=\u00a0\u00bb4_4&Prime; _builder_version=\u00a0\u00bb4.27.4&Prime; _module_preset=\u00a0\u00bbdefault\u00a0\u00bb global_colors_info=\u00a0\u00bb{}\u00a0\u00bb][et_pb_button button_url=\u00a0\u00bb#inscription\u00a0\u00bb button_text=\u00a0\u00bbJe m&rsquo;inscris*\u00a0\u00bb button_alignment=\u00a0\u00bbcenter\u00a0\u00bb _builder_version=\u00a0\u00bb4.27.4&Prime; _module_preset=\u00a0\u00bbdefault\u00a0\u00bb custom_button=\u00a0\u00bbon\u00a0\u00bb button_text_size=\u00a0\u00bb20px\u00a0\u00bb button_text_color=\u00a0\u00bb#FFFFFF\u00a0\u00bb button_bg_color=\u00a0\u00bb#51B15F\u00a0\u00bb button_border_width=\u00a0\u00bb0px\u00a0\u00bb button_border_color=\u00a0\u00bb#004737&Prime; button_border_radius=\u00a0\u00bb100px\u00a0\u00bb button_font=\u00a0\u00bb|800|||||||\u00a0\u00bb button_icon=\u00a0\u00bb&#x22;||divi||400&Prime; hover_enabled=\u00a0\u00bb0&Prime; global_colors_info=\u00a0\u00bb{}\u00a0\u00bb button_text_size__hover_enabled=\u00a0\u00bbon|hover\u00a0\u00bb button_text_size__hover=\u00a0\u00bb20px\u00a0\u00bb button_bg_color__hover_enabled=\u00a0\u00bbon|hover\u00a0\u00bb button_bg_color__hover=\u00a0\u00bb#004737&Prime; button_bg_enable_color__hover=\u00a0\u00bbon\u00a0\u00bb transform_styles__hover_enabled=\u00a0\u00bbon|hover\u00a0\u00bb transform_scale__hover_enabled=\u00a0\u00bbon|hover\u00a0\u00bb transform_translate__hover_enabled=\u00a0\u00bbon|hover\u00a0\u00bb transform_rotate__hover_enabled=\u00a0\u00bbon|hover\u00a0\u00bb transform_skew__hover_enabled=\u00a0\u00bbon|hover\u00a0\u00bb transform_origin__hover_enabled=\u00a0\u00bbon|hover\u00a0\u00bb transform_scale__hover=\u00a0\u00bb110%|110%\u00a0\u00bb custom_margin=\u00a0\u00bb||1%||false|false\u00a0\u00bb sticky_enabled=\u00a0\u00bb0&Prime;][\/et_pb_button][et_pb_text _builder_version=\u00a0\u00bb4.27.4&Prime; _module_preset=\u00a0\u00bbdefault\u00a0\u00bb global_colors_info=\u00a0\u00bb{}\u00a0\u00bb]<p style=\"text-align: center;\"><em>*Eine Anmeldung ist erforderlich! Begrenzte Pl\u00e4tze<\/em><\/p>[\/et_pb_text][\/et_pb_column][\/et_pb_row][\/et_pb_section][et_pb_section fb_built=\u00a0\u00bb1&Prime; module_id=\u00a0\u00bbinfos\u00a0\u00bb _builder_version=\u00a0\u00bb4.27.4&Prime; _module_preset=\u00a0\u00bbdefault\u00a0\u00bb background_color=\u00a0\u00bbRGBA(199,225,194,0.4)\u00a0\u00bb global_colors_info=\u00a0\u00bb{}\u00a0\u00bb][et_pb_row _builder_version=\u00a0\u00bb4.27.4&Prime; _module_preset=\u00a0\u00bbdefault\u00a0\u00bb global_colors_info=\u00a0\u00bb{}\u00a0\u00bb][et_pb_column type=\u00a0\u00bb4_4&Prime; _builder_version=\u00a0\u00bb4.27.4&Prime; _module_preset=\u00a0\u00bbdefault\u00a0\u00bb global_colors_info=\u00a0\u00bb{}\u00a0\u00bb][et_pb_text _builder_version=\u00a0\u00bb4.27.4&Prime; _module_preset=\u00a0\u00bbdefault\u00a0\u00bb text_font_size=\u00a0\u00bb16px\u00a0\u00bb header_line_height=\u00a0\u00bb1.5em\u00a0\u00bb header_2_font_size=\u00a0\u00bb24px\u00a0\u00bb header_2_line_height=\u00a0\u00bb1.5em\u00a0\u00bb header_3_font_size=\u00a0\u00bb20px\u00a0\u00bb header_3_line_height=\u00a0\u00bb1.5em\u00a0\u00bb header_4_line_height=\u00a0\u00bb1.5em\u00a0\u00bb global_colors_info=\u00a0\u00bb{}\u00a0\u00bb]<h2 data-start=\"906\" data-end=\"977\"><strong data-start=\"909\" data-end=\"935\"> Wie funktioniert das?<\/strong><\/h2>\n<p>\ud83d\udccd <strong data-start=\"244\" data-end=\"254\">Datum :<\/strong> Freitag, 5. September 2025<br data-start=\"280\" data-end=\"283\" \/>\ud83d\udccd <strong data-start=\"286\" data-end=\"296\">Ort :<\/strong> Lausanne (genaue Adresse wird noch bekannt gegeben)<br data-start=\"331\" data-end=\"334\" \/>\u23f0 <strong data-start=\"336\" data-end=\"350\">\u00d6ffnungszeiten:<\/strong> 10.00 - 16.00 Uhr<\/p>\n<p><strong>Vollst\u00e4ndiges Programm :<\/strong><\/p>\n<ul>\n<li data-start=\"1834\" data-end=\"1906\">10.00 - 10.30 Uhr: Begr\u00fc\u00dfung + Kaffee\/Croissant<\/li>\n<li data-start=\"1834\" data-end=\"1906\">10.30 - 11.00 Uhr: Entdecken Sie unsere Hangroboter und ihre technischen Merkmale<\/li>\n<li data-start=\"1834\" data-end=\"1906\">11.00 - 12.30 Uhr : <strong data-start=\"816\" data-end=\"843\">Demonstration in Aktion<\/strong> in schwierigem Gel\u00e4nde mit ausf\u00fchrlichen Erl\u00e4uterungen<\/li>\n<li data-start=\"1834\" data-end=\"1906\">12.30 - 13.30 Uhr: Gesellige Mittagspause (kostenlos) + F&amp;A<\/li>\n<li data-start=\"1834\" data-end=\"1906\">13.30 - 15.30 Uhr : <strong data-start=\"1023\" data-end=\"1061\">Interaktiver Workshop &amp; Maschinentest<\/strong> : \u00fcbernehmen Sie die Kontrolle, gef\u00fchrt von unseren Experten<\/li>\n<\/ul>\n<p data-start=\"1834\" data-end=\"1906\">\ud83d\udc49 <a href=\"#inscription\"><strong data-start=\"1220\" data-end=\"1261\">Kostenlose, aber obligatorische Anmeldung<\/strong><\/a> (begrenzte Anzahl von Pl\u00e4tzen).<\/p>[\/et_pb_text][\/et_pb_column][\/et_pb_row][\/et_pb_section][et_pb_section fb_built=\u00a0\u00bb1&Prime; module_id=\u00a0\u00bbinscription\u00a0\u00bb _builder_version=\u00a0\u00bb4.27.4&Prime; _module_preset=\u00a0\u00bbdefault\u00a0\u00bb global_colors_info=\u00a0\u00bb{}\u00a0\u00bb][et_pb_row _builder_version=\u00a0\u00bb4.27.4&Prime; _module_preset=\u00a0\u00bbdefault\u00a0\u00bb global_colors_info=\u00a0\u00bb{}\u00a0\u00bb][et_pb_column type=\u00a0\u00bb4_4&Prime; _builder_version=\u00a0\u00bb4.27.4&Prime; _module_preset=\u00a0\u00bbdefault\u00a0\u00bb global_colors_info=\u00a0\u00bb{}\u00a0\u00bb][et_pb_text module_id=\u00a0\u00bbinscrire\u00a0\u00bb _builder_version=\u00a0\u00bb4.27.4&Prime; _module_preset=\u00a0\u00bbdefault\u00a0\u00bb text_font_size=\u00a0\u00bb16px\u00a0\u00bb hover_enabled=\u00a0\u00bb0&Prime; global_colors_info=\u00a0\u00bb{}\u00a0\u00bb sticky_enabled=\u00a0\u00bb0&Prime;]<h2 data-start=\"631\" data-end=\"899\"><strong data-start=\"634\" data-end=\"674\">Anmeldung<\/strong><\/h2>\n<p>F\u00fcllen Sie dieses kurze Anmeldeformular aus und Sie werden in den n\u00e4chsten Tagen alle wichtigen Informationen per E-Mail erhalten:<\/p>[\/et_pb_text][et_pb_code _builder_version= \"4.27.4\u2033 _module_preset= \"default \" global_colors_info= \"{} \"]<div style=\"width:100%;height:500px;\" data-fillout-id=\"gbWEezKjkzus\" data-fillout-embed-type=\"standard\" data-fillout-inherit-parameters data-fillout-dynamic-resize><\/div><script src=\"https:\/\/server.fillout.com\/embed\/v1\/\"><\/script>[\/et_pb_code][\/et_pb_column][\/et_pb_row][\/et_pb_section]","protected":false},"excerpt":{"rendered":"<p>Testen Sie unsere Maschinen unter realen Bedingungen! Entdecken Sie die Leistung und Pr\u00e4zision unserer Ger\u00e4te in exklusiven Vorf\u00fchrungen. Probieren Sie sie aus, stellen Sie Ihre Fragen und teilen Sie einen Moment mit unserem Team!Kommen Sie mit Builtronics in Aktion! Sehen Sie sich unsere Ger\u00e4te live an, testen Sie sie selbst und genie\u00dfen Sie einen Moment des Austauschs mit unserem Team. [...]<\/p>","protected":false},"author":1,"featured_media":0,"parent":0,"menu_order":0,"comment_status":"closed","ping_status":"closed","template":"","meta":{"_et_pb_use_builder":"on","_et_pb_old_content":"<!-- wp:divi\/placeholder \/-->","_et_gb_content_width":"","footnotes":""},"class_list":["post-33058","page","type-page","status-publish","hentry"],"_links":{"self":[{"href":"https:\/\/builtronics.ch\/de\/wp-json\/wp\/v2\/pages\/33058","targetHints":{"allow":["GET"]}}],"collection":[{"href":"https:\/\/builtronics.ch\/de\/wp-json\/wp\/v2\/pages"}],"about":[{"href":"https:\/\/builtronics.ch\/de\/wp-json\/wp\/v2\/types\/page"}],"author":[{"embeddable":true,"href":"https:\/\/builtronics.ch\/de\/wp-json\/wp\/v2\/users\/1"}],"replies":[{"embeddable":true,"href":"https:\/\/builtronics.ch\/de\/wp-json\/wp\/v2\/comments?post=33058"}],"version-history":[{"count":1,"href":"https:\/\/builtronics.ch\/de\/wp-json\/wp\/v2\/pages\/33058\/revisions"}],"predecessor-version":[{"id":33059,"href":"https:\/\/builtronics.ch\/de\/wp-json\/wp\/v2\/pages\/33058\/revisions\/33059"}],"wp:attachment":[{"href":"https:\/\/builtronics.ch\/de\/wp-json\/wp\/v2\/media?parent=33058"}],"curies":[{"name":"wp","href":"https:\/\/api.w.org\/{rel}","templated":true}]}}