{"id":30525,"date":"2024-02-28T12:05:49","date_gmt":"2024-02-28T11:05:49","guid":{"rendered":"https:\/\/builtronics.ch\/?page_id=30525"},"modified":"2024-10-02T14:24:29","modified_gmt":"2024-10-02T12:24:29","slug":"werkzeuge-fur-die-schneepflugarbeit","status":"publish","type":"page","link":"https:\/\/builtronics.ch\/de\/werkzeuge-fur-die-schneepflugarbeit\/","title":{"rendered":"Schneewerkzeuge"},"content":{"rendered":"<p>[et_pb_section fb_built= \"1\u2033 _builder_version= \"4.26.0\u2033 _module_preset= \"default \" global_colors_info= \"{} \"][et_pb_row column_structure= \"3_5,2_5\u2033 _builder_version= \"4_5,2_5\u2033 _builder_version= \"3_5,2_5\u2033 _builder_version= \"4.26.0\u2033 _module_preset= \"default \" custom_padding= \"||0px||false|false \" global_colors_info= \"{}\"][et_pb_column type= \"3_5\u2033 _builder_version= \"4.26.0\u2033 _module_preset= \"default \" global_colors_info= \"{} \"][et_pb_text _builder_version= \"4.27.0\u2033 _module_preset= \"default \" text_font= \"|700||on||||| \" text_font_size= \"17px \" header_font= \"||on|||||| \" header_text_color= \"#004a26\u2033 header_font_size= \"60px \" header_letter_spacing= \"-\".3px \" header_2_text_align=\"right\" header_2_text_color=\"#414042\u2033 header_2_line_height=\"1.4em \" header_font_size_tablet= \"50px \" header_font_size_phone= \"50px \" header_font_size_last_edited= \"on|tablet \" header_line_height_tablet= \" \" header_line_height_phone= \" \" header_line_height_last_edited= \"on|tablet\" header_2_text_align_tablet= \"right\" header_2_text_align_phone= \"right\" header_2_text_align_last_edited= \"on|desktop\" header_2_line_height_tablet= \"1.4em \" header_2_line_height_phone= \"1.4em \" header_2_line_height_last_edited= \"on|phone \" global_colors_info= \"{} \"]<\/p>\n<h1>Schneepflege<\/h1>\n<h2><strong>Entdecken Sie unser Pistenpflegezubeh\u00f6r f\u00fcr unsere Pistenroboter<\/strong><strong><\/strong><\/h2>\n<p><span><strong>Bereit, Sie bei Ihren t\u00e4glichen Pistenpr\u00e4parierungsaufgaben f\u00fcr Skipisten und vielem mehr zu unterst\u00fctzen!<\/strong><\/span><\/p>\n<p>[\/et_pb_text][\/et_pb_column][et_pb_column type= \"2_5\u2033 _builder_version= \"4.26.0\u2033 _module_preset= \"default \" global_colors_info= \"{} \"][et_pb_image src= \"https:\/\/builtronics.ch\/wp-content\/uploads\/2024\/07\/DSC_0166-scaled.jpg \" alt= \"iTARS Originalversion \" title_text= \"DSC_0166\u2033 align= \"center\" _builder_version= \"4.27.0\u2033 _module_preset= \"default\" width_tablet= \"40%\" width_phone= \"74%\" width_last_edited= \"on|phone\" hover_enabled= \"0\u2033 global_colors_info= \"{}\" sticky_enabled= \"0\u2033][\/et_pb_image][\/et_pb_column][\/et_pb_row][et_pb_row _builder_version= \"4.26.0\u2033 _module_preset= \"default \" global_colors_info= \"{}\"][et_pb_column type= \"4_4\u2033 _builder_version= \"4.26.0\u2033 _module_preset= \"default \" global_colors_info= \"{}\"][et_pb_text _builder_version= \"4.27.0\u2033 _module_preset= \"default \" header_font= \"||on|||||| \" header_text_color= \"#004a26\u2033 header_font_size= \"60px \" header_letter_spacing= \"- -\".3px \" header_2_text_align=\"right\" header_2_text_color=\"#414042\u2033 header_2_line_height=\"2em\" header_font_size_tablet=\"50px\" header_font_size_phone=\"50px\" header_font_size_last_edited=\"on|tablet\" header_line_height_tablet=\"3px\" header_2_text_align=\"right\" header_2_text_color=\"#414042\u2033 header_2_line_height_tablet=\"2em\" header_font_size_tablet=\"50px\". \" header_line_height_phone= \" \" header_line_height_last_edited= \"on|tablet\" header_2_text_align_tablet= \"right\" header_2_text_align_phone= \"right\" header_2_text_align_last_edited= \"on|desktop\" header_2_line_height_tablet= \"1.4em \" header_2_line_height_phone= \"1.4em \" header_2_line_height_last_edited= \"on|phone \" global_colors_info= \"{} \"]<\/p>\n<p style=\"text-align: justify;\">Entdecken Sie die Vielseitigkeit unseres Sortiments an Schnee- und Pistenpflegeger\u00e4ten. Ob f\u00fcr die Instandhaltung von alpinen Skipisten, Langlaufloipen, Ein- und Ausstiegsbereichen von Skiliften, Schneeschuhwanderwegen oder f\u00fcr jede andere T\u00e4tigkeit, die eine kompakte Maschine erfordert, unsere Green Climber sind f\u00fcr alle Ihre Bed\u00fcrfnisse da!<\/p>\n<p>[\/et_pb_text][\/et_pb_column][\/et_pb_row][\/et_pb_section][et_pb_section fb_built= \"1\u2033 _builder_version= \"4.23.4\u2033 _module_preset= \"default \" background_color= \"#f4f4\u2033 custom_margin= \"0%||||false|false\" custom_padding= \"0%||||false|false\" global_colors_info= \"{}\"][et_pb_row _builder_version= \"4.23.4\u2033 _module_preset= \"default \" global_colors_info= \"{} \"][et_pb_column type= \"4_4\u2033 _builder_version= \"4.23.4\u2033 _module_preset= \"default\" global_colors_info= \"{} \"][et_pb_text _builder_version= \"4.23.4\u2033 _module_preset= \"default\" custom_margin= \"4%||||false|false \" global_colors_info= \"{} \"]<\/p>\n<h2 style=\"text-align: center;\">Warum sollten Sie sich f\u00fcr unser ferngesteuertes Pistenroboter-Zubeh\u00f6r f\u00fcr die Pistenpr\u00e4parierung entscheiden?<\/h2>\n<p style=\"text-align: center;\">Unter den Zubeh\u00f6rteilen, die ich zu meinen funkgesteuerten Ger\u00e4tehaltern anbiete, m\u00f6chte ich besonders die Pistenraupe und die Schneefr\u00e4se hervorheben. Dieses Ger\u00e4t ist darauf ausgelegt, die professionelle Schneer\u00e4umung effizient und pr\u00e4zise zu erm\u00f6glichen. Dar\u00fcber hinaus bietet unser Sortiment an Pistenrobotern vielseitige L\u00f6sungen zur Behandlung von Schneefl\u00e4chen. Funkgesteuerte Werkzeugtr\u00e4ger bilden eine solide Grundlage f\u00fcr dieses Zubeh\u00f6r und sorgen f\u00fcr hervorragende Man\u00f6vrierf\u00e4higkeit und h\u00f6here Produktivit\u00e4t.<\/p>\n<p>[\/et_pb_text][\/et_pb_column][\/et_pb_row][\/et_pb_section][et_pb_section fb_built= \"1\u2033 module_id= \"S \" _builder_version= \"4.23\u2033 _module_preset= \"default \" custom_padding= \"14px||3px|| \" global_colors_info= \"{} \"][et_pb_row _builder_version= \"4.23\u2033 _module_preset= \"default \" global_colors_info= \"{} \"][et_pb_column type= \"4_4\u2033 _builder_version= \"4.23\u2033 _module_preset= \"default\" global_colors_info= \"{} \"][et_pb_text _builder_version= \"4.27.0\u2033 _module_preset= \"default\" header_font= \"|700||on|||||\" header_font_size= \"39px \" header_line_height= \"1.2em \" header_2_font_size=\"31px \" header_3_font=\"||on|||||| \" header_3_font_size=\"35px \" global_colors_info=\"{} \"]<\/p>\n<h3>Standardwerkzeuge<\/h3>\n<p>[\/et_pb_text][\/et_pb_column][\/et_pb_row][et_pb_row column_structure= \"1_2,1_2\u2033 module_id= \"tools \" _builder_version= \"4.23.4\u2033 _module_preset= \"default \" global_colors_info= \"{} \"][et_pb_column type= \"1_2\u2033 _builder_version= \"4.23\u2033 _module_preset= \"default\" global_colors_info= \"{}\"][et_pb_text _builder_version= \"4.27.0\u2033 _module_preset= \"default\" text_font= \"|800|on|on|||||\" text_text_color= \"#383838\u2033 text_font_size= \"25px \" global_colors_info= \"{}\"]<\/p>\n<p style=\"text-align: center;\"><span>Pistenraupe<\/span><\/p>\n<p>[\/et_pb_text][et_pb_image src= \"https:\/\/builtronics.ch\/wp-content\/uploads\/2024\/10\/DSC_0177-2-scaled.jpg \" alt= \"Schneepflug\" title_text= \"DSC_0177-2\u2033 align= \"center\" _builder_version= \"4.27.0\u2033 _module_preset= \"default\" width= \"100% \" hover_enabled= \"0\u2033 global_colors_info= \"{} \" sticky_enabled= \"0\u2033][\/et_pb_image][et_pb_text _builder_version= \"4.23.4\u2033 _module_preset= \"default \" header_3_font= \"|||on||||| \" global_colors_info= \"{} \"]<\/p>\n<div class=\"card text-center my-card-orange p-3 mt-4\">\n<div class=\"card-body\">\n<p class=\"card-title\" style=\"text-align: center;\">Unsere Pistenraupen eignen sich insbesondere f\u00fcr die Pflege von Langlaufloipen, Ein- und Ausstiegsstellen von Skiliften oder Schneeschuhwanderwegen.<\/p>\n<\/div>\n<\/div>\n<p>[\/et_pb_text][\/et_pb_column][et_pb_column type= \"1_2\u2033 _builder_version= \"4.23\u2033 _module_preset= \"default \" global_colors_info= \"{} \"][et_pb_text _builder_version= \"4.27.0\u2033 _module_preset= \"default \" text_font= \"|800|on|on||||| \" text_text_color= \"#3838\u2033 text_font_size= \"25px \" global_colors_info= \"{} \"]<\/p>\n<p style=\"text-align: center;\"><span>Schneefr\u00e4se<\/span><\/p>\n<p>[\/et_pb_text][et_pb_image src= \"https:\/\/builtronics.ch\/wp-content\/uploads\/2024\/10\/DSC_0107-scaled.jpg \" alt= \"Schneepflug\" title_text= \"DSC_0107\u2033 _builder_version= \"4.27.0\u2033 _module_preset= \"default\" width= \"100% \" hover_enabled= \"0\u2033 global_colors_info= \"{} \" sticky_enabled= \"0\u2033][\/et_pb_image][et_pb_text _builder_version= \"4.23.4\u2033 _module_preset= \"default\" header_3_font= \"|700||on||||| \" global_colors_info= \"{} \"]<\/p>\n<div class=\"card text-center my-card-orange p-3 mt-4\">\n<div class=\"card-body\">\n<div class=\"card text-center my-card-orange p-3 mt-4\">\n<div class=\"card-body\">\n<p>Unsere Schneefr\u00e4se eignet sich besonders zum Reinigen schneebedeckter Gebiete in Bergd\u00f6rfern und -st\u00e4dten.<\/p>\n<\/div>\n<\/div>\n<\/div>\n<\/div>\n<p>[\/et_pb_text][\/et_pb_column][\/et_pb_row][et_pb_row _builder_version= \"4.23\u2033 _module_preset= \"default \" global_colors_info= \"{} \"][et_pb_column type= \"4_4\u2033 _builder_version= \"4_4\u2033 _builder_version= \"4.23\u2033 _module_preset= \"default \" global_colors_info= \"{} \"][et_pb_button button_url= \"https:\/\/builtronics.ch\/demande-de-devis-en-ligne\/ \" url_new_window= \"on \" button_text= \"Online-Angebotsanfrage\" button_alignment= \"center\" _builder_version= \"4.27.0\u2033 _module_preset= \"default\" custom_button= \"on \" button_text_size= \"16px\" button_text_color= \"#FFFF\" button_bg_color= \"#004a25\u2033 button_border_width= \"0px\" button_border_color= \"RGBA(255,255,255,0) \" button_border_radius= \"10px\" button_letter_spacing= \"0px\" button_font= \"|600|||||||\" button_icon= \"\ue01a||divi|400\u2033 button_icon_color= \"#FFFF \" custom_margin= \"||18px||| \" global_colors_info= \"{} \"][\/et_pb_button][et_pb_text _builder_version= \"4.27.0\u2033 _module_preset= \"default \" header_font= \"|700||on||||| \" header_font_size= \"39px \" header_line_height= \"1.2em \" header_2_font_size= \"31px \" header_3_font= \"||on|||||| \" header_3_font_size= \"35px \" global_colors_info= \"{} \"]<\/p>\n<h3>Videos<\/h3>\n<p>[\/et_pb_text][\/et_pb_column][\/et_pb_row][et_pb_row column_structure= \"1_2,1_2\u2033 _builder_version= \"4.23.4\u2033 _module_preset= \"default \" global_colors_info= \"{}\"][et_pb_column type= \"1_2\u2033 _builder_version= \"4.23.4\u2033 _module_preset= \"default \" global_colors_info= \"{} \"][et_pb_video src= \"https:\/\/youtu.be\/RxlqbDxnJlM \" _builder_version= \"4.23.4\u2033 _module_preset= \"default\" global_colors_info= \"{} \"][\/et_pb_video][\/et_pb_column][et_pb_column type= \"1_2\u2033 _builder_version= \"4.23.4\u2033 _module_preset= \"default\" global_colors_info= \"{} \"][et_pb_video src= \"https:\/\/youtu.be\/ojtkpZPX3OU \" _builder_version= \"4.23.4\u2033 _module_preset= \"default\" global_colors_info= \"{} \"][\/et_pb_video][\/et_pb_column][\/et_pb_row][et_pb_row column_structure= \"1_2,1_2\u2033 _builder_version= \"4.23.4\u2033 _module_preset= \"default \" global_colors_info= \"{}\"][et_pb_column type= \"1_2\u2033 _builder_version= \"4.23.4\u2033 _module_preset= \"default \" global_colors_info= \"{}\"][et_pb_video src= \"https:\/\/www.youtube.com\/watch?v=CZoskkcKG5w \" _builder_version= \"4.23.4\u2033 _module_preset= \"default\" global_colors_info= \"{} \"][\/et_pb_video][\/et_pb_column][\/et_pb_column][et_pb_column type= \"1_2\u2033 _builder_version= \"4.23.4\u2033 _module_preset= \"default \" global_colors_info= \"{}\"][et_pb_video src= \"https:\/\/youtu.be\/_UOHrvcJu2o \" _builder_version= \"4.23.4\u2033 _module_preset= \"default \" global_colors_info= \"{} \"][\/et_pb_video][\/et_pb_column][\/et_pb_row][\/et_pb_section][et_pb_section][et_pb_section fb_built= \"1\u2033 _builder_version= \"4.23.4\u2033 _module_preset= \"default \" background_color= \"#f4f4\u2033 global_colors_info= \"{}\"][et_pb_row _builder_version= \"4.23.4\u2033 _module_preset=\"default \" global_colors_info=\"{} \"][et_pb_column type= \"4_4\u2033 _builder_version= \"4.23.4\u2033 _module_preset= \"default \" global_colors_info=\"{} \"][et_pb_text _builder_version= \"4.27.0\u2033 _module_preset= \"default \" header_font= \"|700||on||||| \" header_font_size= \"39px \" header_line_height= \"1.2em \" header_2_font_size= \"31px \" header_3_font= \"||on|||||| \" header_3_font_size= \"35px \" global_colors_info= \"{} \"]<\/p>\n<h3><span>Die Vorteile unserer Werkzeuge im Vergleich zu Standardmaschinen<\/span><\/h3>\n<p>[\/et_pb_text][\/et_pb_column][\/et_pb_row][et_pb_row column_structure= \"1_3,1_3,1_3\u2033 _builder_version= \"4.23.4\u2033 _module_preset= \"default \" global_colors_info= \"{}\"][et_pb_column type= \"1_3\u2033 _builder_version= \"4.23.4\u2033 _module_preset= \"default \" global_colors_info= \"{} \"][et_pb_icon font_icon= \"\uf074||fa||900\u2033 icon_color= \"#000000\u2033 icon_width= \"48px \" _builder_version= \"4.23.4\u2033 _module_preset= \"default\" global_colors_info= \"{} \"][\/et_pb_icon][et_pb_text _builder_version= \"4.23.4\u2033 _module_preset= \"default\" text_font= \"Black Ops One||on|||||\" text_text_color= \"#7070\u2033 text_font_size= \"20px \" global_colors_info= \"{} \"]<\/p>\n<p style=\"text-align: center;\"><span>Flexibilit\u00e4t und Anpassungsf\u00e4higkeit<\/span><\/p>\n<p>[\/et_pb_text][et_pb_text _builder_version= \"4.23.4\u2033 _module_preset= \"default \" global_colors_info= \"{} \"]<\/p>\n<p style=\"text-align: justify;\">Hangroboter sind oft agiler und vielseitiger als herk\u00f6mmliche Maschinen. Sie k\u00f6nnen so programmiert werden, dass sie eine Vielzahl spezifischer Aufgaben wie Pr\u00e4parierung, Schneer\u00e4umung oder andere Wartungsarbeiten mit erh\u00f6hter Pr\u00e4zision und Effizienz ausf\u00fchren. Ihre F\u00e4higkeit, sich an unterschiedliche Gel\u00e4ndearten und Wetterbedingungen anzupassen, kann ein gro\u00dfer Vorteil sein, insbesondere in Berggebieten, in denen die Schneeverh\u00e4ltnisse stark variieren k\u00f6nnen.<\/p>\n<p>[\/et_pb_text][\/et_pb_column][et_pb_column type= \"1_3\u2033 _builder_version= \"4.23.4\u2033 _module_preset= \"default \" global_colors_info= \"{} \"][et_pb_icon font_icon= \"\uf4c0||fa||900\u2033 icon_color= \"#00000000\u2033 icon_width= \"48px \" _builder_version= \"4.23.4\u2033 _module_preset= \"default \" global_colors_info= \"{} \"][\/et_pb_icon][et_pb_text _builder_version= \"4.23.4\u2033 _module_preset= \"default\" text_font= \"Black Ops One||on|||||\" text_text_color= \"#7070\u2033 text_font_size= \"20px \" global_colors_info= \"{} \"]<\/p>\n<p style=\"text-align: center;\">Reduzierte Kosten und Energieverbrauch<\/p>\n<p>[\/et_pb_text][et_pb_text _builder_version= \"4.23.4\u2033 _module_preset= \"default \" global_colors_info= \"{} \"]<\/p>\n<p style=\"text-align: justify;\">Hangroboter sind oft kompakter und leichter als herk\u00f6mmliche Maschinen, was zu geringeren Betriebs- und Wartungskosten f\u00fchren kann. Dar\u00fcber hinaus sind einige Hangroboter f\u00fcr den Betrieb mit Strom oder anderen alternativen Energiequellen konzipiert, was ihren \u00f6kologischen Fu\u00dfabdruck und die mit dem Kraftstoffverbrauch verbundenen Kosten verringern kann.<\/p>\n<p>[\/et_pb_text][\/et_pb_column][et_pb_column type= \"1_3\u2033 _builder_version= \"4.23.4\u2033 _module_preset= \"default \" global_colors_info= \"{} \"][et_pb_icon font_icon= \"\ue0d9||divi||400\u2033 icon_color= \"#00000000\u2033 icon_width= \"48px \" _builder_version= \"4.23.4\u2033 _module_preset= \"default \" global_colors_info= \"{} \"][\/et_pb_icon][et_pb_text _builder_version= \"4.23.4\u2033 _module_preset= \"default\" text_font= \"Black Ops One||on|||||\" text_text_color= \"#7070\u2033 text_font_size= \"20px \" global_colors_info= \"{} \"]<\/p>\n<p style=\"text-align: center;\">Verbesserte Sicherheit und Produktivit\u00e4t<\/p>\n<p>[\/et_pb_text][et_pb_text _builder_version= \"4.23.4\u2033 _module_preset= \"default \" global_colors_info= \"{} \"]<\/p>\n<p style=\"text-align: justify;\">Hangroboter k\u00f6nnen autonom oder halbautonom arbeiten, wodurch der Bedarf an menschlichem Personal an H\u00e4ngen reduziert wird. Dies kann nicht nur die Sicherheit von Wartungsarbeiten verbessern, indem das Risiko von Unf\u00e4llen aufgrund von Erm\u00fcdung oder menschlichem Versagen verringert wird, sondern auch die Produktivit\u00e4t steigern, indem der Betrieb kontinuierlich und effizient durchgef\u00fchrt werden kann, selbst nachts oder bei schlechtem Wetter.<\/p>\n<p>[\/et_pb_text][\/et_pb_column][\/et_pb_row][\/et_pb_section][et_pb_section fb_built= \"1\u2033 _builder_version= \"4.23\u2033 _module_preset= \"default \" global_colors_info= \"{} \"][et_pb_row _builder_version= \"4.23\u2033 _module_preset= \"default \" global_colors_info= \"{} \"][et_pb_column type= \"4_4\u2033 _builder_version= \"4.23\u2033 _module_preset= \"default\" global_colors_info= \"{} \"][et_pb_text _builder_version= \"4.27.0\u2033 _module_preset= \"default\" header_font= \"|700||on|||||\" header_font_size= \"39px \" header_line_height= \"1.2em \" header_2_font_size=\"31px \" header_3_font=\"||on|||||| \" header_3_font_size=\"35px \" global_colors_info=\"{} \"]<\/p>\n<h3><span>Brauchen Sie ein Angebot?<\/span><\/h3>\n<p>[\/et_pb_text][et_pb_text _builder_version= \"4.23.4\u2033 _module_preset= \"default \" text_text_color= \"#8e8e8e \" text_font_size= \"13px \" text_line_height= \"1.3em \" ul_line_height=\"1.6em \" header_2_font=\"|600||on||||| \" header_2_text_color=\"#3a4341\u2033 header_2_font_size=\"25px \" global_colors_info=\"{} \"]<\/p>\n<p><span>Sie interessieren sich f\u00fcr unsere funkgesteuerten Ger\u00e4tetr\u00e4ger und m\u00f6chten ein ma\u00dfgeschneidertes Angebot erhalten? F\u00fcllen Sie einfach unsere Online-Angebotsanfrage aus und wir senden Ihnen so schnell wie m\u00f6glich ein Angebot.<\/span><\/p>\n<p><span>Um sicherzustellen, dass Sie \u00fcber alle Informationen verf\u00fcgen, die Sie zum Ausf\u00fcllen unserer Online-Angebotsanfrage ben\u00f6tigen, k\u00f6nnen Sie diese Dateien gerne herunterladen. Sie helfen Ihnen dabei, die f\u00fcr Ihre Bed\u00fcrfnisse am besten geeignete Wahl zu treffen:<\/span><\/p>\n<p><span><\/span><\/p>\n<ul>\n<li><span>Maschinenvergleichsblatt<\/span><\/li>\n<li><span>Zubeh\u00f6r-Vergleichsbl\u00e4tter<\/span><\/li>\n<li><span>Pr\u00e4sentationsflyer\u00a0<\/span><\/li>\n<\/ul>\n<p>[\/et_pb_text][et_pb_button button_url= \"https:\/\/builtronics.ch\/demande-de-devis-en-ligne\/ \" url_new_window= \"on \" button_text= \"Online-Angebotsanfrage \" button_alignment= \"center\" _builder_version= \"4.27.0\u2033 _module_preset= \"default\" custom_button= \"on \" button_text_size= \"16px\" button_text_color= \"#FFFF\" button_bg_color= \"#004a25\u2033 button_border_width= \"0px\" button_border_color= \"RGBA(255,255,255,0) \" button_border_radius= \"10px \" button_letter_spacing= \"0px \" button_font= \"|600||||||| \" button_icon= \"\ue01a|||divi|400\u2033 button_icon_color= \"#FFFF \" custom_margin= \"||18px|| \" global_colors_info= \"{} \"][\/et_pb_button][\/et_pb_column][\/et_pb_row][\/et_pb_section][\/et_pb_section]<\/p>","protected":false},"excerpt":{"rendered":"<p>Schneepflege Entdecken Sie unser Zubeh\u00f6r f\u00fcr die Schneepflege, das f\u00fcr unsere Hangroboter entwickelt wurde Bereit, Sie bei Ihren t\u00e4glichen Aufgaben der Schneepflege f\u00fcr Skipisten und vieles mehr zu begleiten!Entdecken Sie die Vielseitigkeit unseres Sortiments an Werkzeugen f\u00fcr die Schneepflege und die Schneepflege [...].<\/p>","protected":false},"author":1,"featured_media":0,"parent":0,"menu_order":0,"comment_status":"closed","ping_status":"closed","template":"","meta":{"_et_pb_use_builder":"on","_et_pb_old_content":"","_et_gb_content_width":"","footnotes":""},"class_list":["post-30525","page","type-page","status-publish","hentry"],"_links":{"self":[{"href":"https:\/\/builtronics.ch\/de\/wp-json\/wp\/v2\/pages\/30525","targetHints":{"allow":["GET"]}}],"collection":[{"href":"https:\/\/builtronics.ch\/de\/wp-json\/wp\/v2\/pages"}],"about":[{"href":"https:\/\/builtronics.ch\/de\/wp-json\/wp\/v2\/types\/page"}],"author":[{"embeddable":true,"href":"https:\/\/builtronics.ch\/de\/wp-json\/wp\/v2\/users\/1"}],"replies":[{"embeddable":true,"href":"https:\/\/builtronics.ch\/de\/wp-json\/wp\/v2\/comments?post=30525"}],"version-history":[{"count":0,"href":"https:\/\/builtronics.ch\/de\/wp-json\/wp\/v2\/pages\/30525\/revisions"}],"wp:attachment":[{"href":"https:\/\/builtronics.ch\/de\/wp-json\/wp\/v2\/media?parent=30525"}],"curies":[{"name":"wp","href":"https:\/\/api.w.org\/{rel}","templated":true}]}}