{"id":29146,"date":"2023-10-31T09:39:33","date_gmt":"2023-10-31T08:39:33","guid":{"rendered":"http:\/\/www.builtronics.ch\/?page_id=29146"},"modified":"2025-11-27T16:21:17","modified_gmt":"2025-11-27T15:21:17","slug":"kontaktieren-sie-buildtronics-und-fordern-sie-online-ein-angebot-an","status":"publish","type":"page","link":"https:\/\/builtronics.ch\/de\/kontaktieren-sie-buildtronics-und-fordern-sie-online-ein-angebot-an\/","title":{"rendered":"Kontakt"},"content":{"rendered":"<p>[et_pb_section fb_built=\u00a0\u00bb1&Prime; _builder_version=\u00a0\u00bb4.27.4&Prime; _module_preset=\u00a0\u00bbdefault\u00a0\u00bb background_color=\u00a0\u00bb#51B15F\u00a0\u00bb background_enable_image=\u00a0\u00bboff\u00a0\u00bb custom_padding=\u00a0\u00bb4%||4%||true|false\u00a0\u00bb global_colors_info=\u00a0\u00bb{}\u00a0\u00bb][et_pb_row _builder_version=\u00a0\u00bb4.27.4&Prime; _module_preset=\u00a0\u00bbdefault\u00a0\u00bb global_colors_info=\u00a0\u00bb{}\u00a0\u00bb][et_pb_column type=\u00a0\u00bb4_4&Prime; _builder_version=\u00a0\u00bb4.27.4&Prime; _module_preset=\u00a0\u00bbdefault\u00a0\u00bb global_colors_info=\u00a0\u00bb{}\u00a0\u00bb][et_pb_text _builder_version=\u00a0\u00bb4.27.4&Prime; _module_preset=\u00a0\u00bbdefault\u00a0\u00bb text_font=\u00a0\u00bb|700|||||||\u00a0\u00bb text_text_color=\u00a0\u00bb#FFFFFF\u00a0\u00bb text_font_size=\u00a0\u00bb18px\u00a0\u00bb header_font=\u00a0\u00bb|800|||||||\u00a0\u00bb header_text_align=\u00a0\u00bbcenter\u00a0\u00bb header_text_color=\u00a0\u00bb#FFFFFF\u00a0\u00bb header_font_size=\u00a0\u00bb55px\u00a0\u00bb header_2_font=\u00a0\u00bb||on||||||\u00a0\u00bb header_2_text_align=\u00a0\u00bbcenter\u00a0\u00bb header_2_text_color=\u00a0\u00bb#ffffff\u00a0\u00bb header_2_font_size=\u00a0\u00bb25px\u00a0\u00bb header_2_line_height=\u00a0\u00bb1.2em\u00a0\u00bb text_orientation=\u00a0\u00bbcenter\u00a0\u00bb hover_enabled=\u00a0\u00bb0&Prime; header_font_tablet=\u00a0\u00bb\u00a0\u00bb header_font_phone=\u00a0\u00bb\u00a0\u00bb header_font_last_edited=\u00a0\u00bbon|phone\u00a0\u00bb header_font_size_tablet=\u00a0\u00bb55px\u00a0\u00bb header_font_size_phone=\u00a0\u00bb30px\u00a0\u00bb header_font_size_last_edited=\u00a0\u00bbon|phone\u00a0\u00bb header_2_font_size_tablet=\u00a0\u00bb30px\u00a0\u00bb header_2_font_size_phone=\u00a0\u00bb22px\u00a0\u00bb header_2_font_size_last_edited=\u00a0\u00bbon|phone\u00a0\u00bb global_colors_info=\u00a0\u00bb{}\u00a0\u00bb sticky_enabled=\u00a0\u00bb0&Prime;]<\/p>\n<h1>Kontaktieren Sie Builtronics f\u00fcr eine ma\u00dfgeschneiderte Beratung, f\u00fcr L\u00f6sungen, die auf Ihre Bed\u00fcrfnisse zugeschnitten sind!<\/h1>\n<h2><span>Unser Expertenteam begleitet Sie von der Beratung \u00fcber die Schulung bis hin zur Wartung Ihrer Maschine.<\/span><\/h2>\n<p>[\/et_pb_text][et_pb_button button_url=\u00a0\u00bbhttps:\/\/builtronics.ch\/devis-en-ligne\/\u00a0\u00bb button_text=\u00a0\u00bbDemande de devis en ligne\u00a0\u00bb button_alignment=\u00a0\u00bbcenter\u00a0\u00bb _builder_version=\u00a0\u00bb4.27.4&Prime; _module_preset=\u00a0\u00bbdefault\u00a0\u00bb custom_button=\u00a0\u00bbon\u00a0\u00bb button_text_color=\u00a0\u00bb#FFFFFF\u00a0\u00bb button_border_width=\u00a0\u00bb2px\u00a0\u00bb button_border_radius=\u00a0\u00bb20px\u00a0\u00bb button_font=\u00a0\u00bb|700|||||||\u00a0\u00bb global_colors_info=\u00a0\u00bb{}\u00a0\u00bb][\/et_pb_button][\/et_pb_column][\/et_pb_row][\/et_pb_section][et_pb_section fb_built=\u00a0\u00bb1&Prime; module_id=\u00a0\u00bbS\u00a0\u00bb _builder_version=\u00a0\u00bb4.27.4&Prime; _module_preset=\u00a0\u00bbdefault\u00a0\u00bb custom_padding=\u00a0\u00bb2%||2%||true|false\u00a0\u00bb global_colors_info=\u00a0\u00bb{}\u00a0\u00bb][et_pb_row _builder_version=\u00a0\u00bb4.23&Prime; _module_preset=\u00a0\u00bbdefault\u00a0\u00bb global_colors_info=\u00a0\u00bb{}\u00a0\u00bb][et_pb_column type=\u00a0\u00bb4_4&Prime; _builder_version=\u00a0\u00bb4.23&Prime; _module_preset=\u00a0\u00bbdefault\u00a0\u00bb global_colors_info=\u00a0\u00bb{}\u00a0\u00bb][et_pb_text _builder_version=\u00a0\u00bb4.27.4&Prime; _module_preset=\u00a0\u00bbdefault\u00a0\u00bb text_text_color=\u00a0\u00bb#08160D\u00a0\u00bb text_font_size=\u00a0\u00bb16px\u00a0\u00bb header_2_font=\u00a0\u00bb|600||on|||||\u00a0\u00bb header_2_text_color=\u00a0\u00bb#3a4341&Prime; header_2_font_size=\u00a0\u00bb25px\u00a0\u00bb global_colors_info=\u00a0\u00bb{}\u00a0\u00bb]<\/p>\n<h2>Wo Sie uns finden<\/h2>\n<p><span>M\u00f6chten Sie unsere Werkstatt und unsere Maschinen entdecken? Wir treffen Sie also direkt in unserer Werkstatt! Wir empfehlen Ihnen jedoch dennoch, vorab einen Termin zu vereinbaren.<\/span><\/p>\n<p>[\/et_pb_text][\/et_pb_column][\/et_pb_row][et_pb_row column_structure= \"1_2,1_2\u2033 _builder_version= \"4.23\u2033 _module_preset= \"default \" global_colors_info= \"{}\"][et_pb_column type= \"1_2\u2033 _builder_version= \"4.23\u2033 _module_preset= \"default\" global_colors_info= \"{}\"][et_pb_text _builder_version= \"4.23\u2033 _module_preset= \"default \" text_text_color= \"#8e8e \" header_2_font= \"|600||on||||| \" header_2_text_color= \"#3a4341\u2033. header_2_font_size= \"25px \" header_3_font= \"|600||on||||| \" header_3_text_color= \"#004a25\u2033 header_3_font_size= \"18px \" global_colors_info= \"{} \"]<\/p>\n<h3>Builtronics-Workshop<\/h3>\n<p>[\/et_pb_text][et_pb_code _builder_version= \"4.27.0\u2033 _module_preset= \"default \" global_colors_info= \"{} \"]<iframe src=\"https:\/\/www.google.com\/maps\/embed?pb=!1m18!1m12!1m3!1d4298.358426104523!2d7.052480277476251!3d46.77019487112538!2m3!1f0!2f0!3f0!3m2!1i1024!2i768!4f13.1!3m3!1m2!1s0x478e64fcccbf5d5d%3A0xc14d1df68b7199d7!2sBuiltec%20S%C3%A0rl%20%26%20Builtronics!5e1!3m2!1sfr!2sch!4v1725443881355!5m2!1sfr!2sch\" width=\"400\" height=\"300\" style=\"border:0;\" allowfullscreen=\"\" loading=\"lazy\" referrerpolicy=\"no-referrer-when-downgrade\"><\/iframe>[\/et_pb_code][\/et_pb_column][et_pb_column type= \"1_2\u2033 _builder_version= \"4.23\u2033 _module_preset= \"default \" global_colors_info= \"{} \"][et_pb_text _builder_version= \"4.23\u2033 _module_preset= \"default \" text_text_color= \"#8e8e \" header_2_font= \"|600||on||||| \" header_2_text_color= \"#3a4341\u2033. header_2_font_size= \"25px \" header_3_font= \"|600||on||||| \" header_3_text_color= \"#004a25\u2033 header_3_font_size= \"18px \" global_colors_info= \"{} \"]<\/p>\n<h3>G\u00fcltige Adresse<\/h3>\n<p>[\/et_pb_text][et_pb_code _builder_version= \"4.27.0\u2033 _module_preset= \"default \" global_colors_info= \"{} \"]<iframe src=\"https:\/\/www.google.com\/maps\/embed?pb=!1m18!1m12!1m3!1d4302.34413702816!2d7.0664078774745045!3d46.72023157112244!2m3!1f0!2f0!3f0!3m2!1i1024!2i768!4f13.1!3m3!1m2!1s0x478e64fcccb794fd%3A0xc7ad2338a3fe8a59!2sImp.%20Pra-Bastian%205%2C%201726%20Farvagny!5e1!3m2!1sfr!2sch!4v1725444211954!5m2!1sfr!2sch\" width=\"400\" height=\"300\" style=\"border:0;\" allowfullscreen=\"\" loading=\"lazy\" referrerpolicy=\"no-referrer-when-downgrade\"><\/iframe>[\/et_pb_code][\/et_pb_column][\/et_pb_row][\/et_pb_section][et_pb_section fb_built=\u00a0\u00bb1&Prime; _builder_version=\u00a0\u00bb4.27.4&Prime; _module_preset=\u00a0\u00bbdefault\u00a0\u00bb background_color=\u00a0\u00bbRGBA(223,223,222,0.11)\u00a0\u00bb global_colors_info=\u00a0\u00bb{}\u00a0\u00bb][et_pb_row _builder_version=\u00a0\u00bb4.27.4&Prime; _module_preset=\u00a0\u00bbdefault\u00a0\u00bb global_colors_info=\u00a0\u00bb{}\u00a0\u00bb][et_pb_column type=\u00a0\u00bb4_4&Prime; _builder_version=\u00a0\u00bb4.27.4&Prime; _module_preset=\u00a0\u00bbdefault\u00a0\u00bb global_colors_info=\u00a0\u00bb{}\u00a0\u00bb][wpforms_selector form_id=\u00a0\u00bb32127&Prime; show_title=\u00a0\u00bbon\u00a0\u00bb show_desc=\u00a0\u00bboff\u00a0\u00bb _builder_version=\u00a0\u00bb4.27.4&Prime; _module_preset=\u00a0\u00bbdefault\u00a0\u00bb global_colors_info=\u00a0\u00bb{}\u00a0\u00bb][\/wpforms_selector][\/et_pb_column][\/et_pb_row][\/et_pb_section]<\/p>","protected":false},"excerpt":{"rendered":"<p>Contactez Builtronics pour des conseils sur-mesure, pour des solutions adapt\u00e9s \u00e0 vos besoins ! Notre \u00e9quipe d&rsquo;experts vous accompgne, du conseil, \u00e0 la formation jusqu&rsquo;\u00e0 l&rsquo;entretien de votre machine.O\u00f9 nous trouver Vous souhaitez d\u00e9couvrir notre atelier et nos machines ? Alors, nous vous donnons rendez-vous directement dans notre atelier ! Cependant, nous vous conseillons tout [&hellip;]<\/p>","protected":false},"author":1,"featured_media":0,"parent":0,"menu_order":0,"comment_status":"closed","ping_status":"closed","template":"","meta":{"_et_pb_use_builder":"on","_et_pb_old_content":"","_et_gb_content_width":"","footnotes":""},"class_list":["post-29146","page","type-page","status-publish","hentry"],"_links":{"self":[{"href":"https:\/\/builtronics.ch\/de\/wp-json\/wp\/v2\/pages\/29146","targetHints":{"allow":["GET"]}}],"collection":[{"href":"https:\/\/builtronics.ch\/de\/wp-json\/wp\/v2\/pages"}],"about":[{"href":"https:\/\/builtronics.ch\/de\/wp-json\/wp\/v2\/types\/page"}],"author":[{"embeddable":true,"href":"https:\/\/builtronics.ch\/de\/wp-json\/wp\/v2\/users\/1"}],"replies":[{"embeddable":true,"href":"https:\/\/builtronics.ch\/de\/wp-json\/wp\/v2\/comments?post=29146"}],"version-history":[{"count":12,"href":"https:\/\/builtronics.ch\/de\/wp-json\/wp\/v2\/pages\/29146\/revisions"}],"predecessor-version":[{"id":33560,"href":"https:\/\/builtronics.ch\/de\/wp-json\/wp\/v2\/pages\/29146\/revisions\/33560"}],"wp:attachment":[{"href":"https:\/\/builtronics.ch\/de\/wp-json\/wp\/v2\/media?parent=29146"}],"curies":[{"name":"wp","href":"https:\/\/api.w.org\/{rel}","templated":true}]}}